{"id":335,"date":"2025-10-24T13:32:55","date_gmt":"2025-10-24T13:32:55","guid":{"rendered":"https:\/\/www.comfortek.es\/?page_id=335"},"modified":"2026-04-02T23:01:12","modified_gmt":"2026-04-02T23:01:12","slug":"blog","status":"publish","type":"page","link":"https:\/\/www.comfortek.es\/ca\/blog\/","title":{"rendered":"Blog"},"content":{"rendered":"<div data-elementor-type=\"wp-page\" data-elementor-id=\"335\" class=\"elementor elementor-335\">\n\t\t\t\t\t\t<section class=\"elementor-section elementor-top-section elementor-element elementor-element- elementor-section-boxed elementor-section-height-default elementor-section-height-default\" data-id=\"\" data-element_type=\"section\" data-settings=\"{&quot;background_background&quot;:&quot;classic&quot;}\">\n\t\t\t\t\t\t<div class=\"elementor-container elementor-column-gap-default\">\n\t\t\t\t\t<div class=\"elementor-column elementor-col-100 elementor-top-column elementor-element elementor-element-\" data-id=\"\" data-element_type=\"column\">\n\t\t\t<div class=\"elementor-widget-wrap elementor-element-populated\">\n\t\t\t\t\t\t<div class=\"elementor-element elementor-element- elementor-widget elementor-widget-heading\" data-id=\"\" data-element_type=\"widget\" data-widget_type=\"heading.default\">\n\t\t\t\t\t<h1 class=\"elementor-heading-title elementor-size-default\">Blog Comfortek<\/h1>\t\t\t\t<\/div>\n\t\t\t\t<div class=\"elementor-element elementor-element- elementor-widget elementor-widget-heading\" data-id=\"\" data-element_type=\"widget\" data-widget_type=\"heading.default\">\n\t\t\t\t\t<h2 class=\"elementor-heading-title elementor-size-default\">Noticias, proyectos y consejos sobre dom\u00f3tica inteligente<\/h2>\t\t\t\t<\/div>\n\t\t\t\t\t<\/div>\n\t\t<\/div>\n\t\t\t\t\t<\/div>\n\t\t<\/section>\n\t\t\t\t<section class=\"elementor-section elementor-top-section elementor-element elementor-element- elementor-section-boxed elementor-section-height-default elementor-section-height-default\" data-id=\"\" data-element_type=\"section\" data-settings=\"{&quot;background_background&quot;:&quot;classic&quot;}\">\n\t\t\t\t\t\t<div class=\"elementor-container elementor-column-gap-default\">\n\t\t\t\t\t<div class=\"elementor-column elementor-col-100 elementor-top-column elementor-element elementor-element-\" data-id=\"\" data-element_type=\"column\">\n\t\t\t<div class=\"elementor-widget-wrap elementor-element-populated\">\n\t\t\t\t\t\t<div class=\"elementor-element elementor-element- elementor-grid-3 elementor-grid-tablet-eael-col-2 elementor-grid-mobile-eael-col-1 elementor-widget elementor-widget-eael-post-grid\" data-id=\"\" data-element_type=\"widget\" data-settings=\"{&quot;eael_post_grid_columns&quot;:&quot;3&quot;,&quot;eael_post_grid_columns_tablet&quot;:&quot;eael-col-2&quot;,&quot;eael_post_grid_columns_mobile&quot;:&quot;eael-col-1&quot;}\" data-widget_type=\"eael-post-grid.default\">\n\t\t\t\t\t<div id=\"eael-post-grid-\" class=\"eael-post-grid-container\">\n            <div class=\"eael-post-grid eael-post-appender eael-post-appender- eael-post-grid-style-two\" data-layout-mode=\"masonry\"><article class=\"eael-grid-post eael-post-grid-column\" data-id=\"773\">\n    <div class=\"eael-grid-post-holder\">\n        <div class=\"eael-grid-post-holder-inner\"><div class=\"eael-entry-wrapper\"><header class=\"eael-entry-header\"><h2 class=\"eael-entry-title\"><a class=\"eael-grid-post-link\" href=\"https:\/\/www.comfortek.es\/ca\/2026\/04\/02\/domotica-restaurante-lloret-de-mar-la-placa\/\" title=\"Dom\u00f3tica Integral en Restaurante La Pla\u00e7a \u2013 Lloret de Mar: Un Caso de \u00c9xito Comfortek\">Dom\u00f3tica Integral en Restaurante La Pla\u00e7a \u2013 Lloret de Mar: Un Caso de \u00c9xito Comfortek<\/a><\/h2><\/header><div class=\"eael-entry-content\">\n                                <div class=\"eael-grid-post-excerpt\"><p>Descubre c\u00f3mo Comfortek implement\u00f3 un sistema dom\u00f3tico integral con tecnolog\u00eda...<\/p><a href=\"https:\/\/www.comfortek.es\/ca\/2026\/04\/02\/domotica-restaurante-lloret-de-mar-la-placa\/\" class=\"eael-post-elements-readmore-btn\">Leer m\u00e1s \u2192<\/a><\/div>\n                            <\/div><div class=\"eael-entry-header-after style-two\"><div class=\"eael-entry-meta\"><span class=\"eael-meta-posted-on\"><i class=\"far fa-clock\"><\/i><time datetime=\"02\/04\/2026\">02\/04\/2026<\/time><\/span><\/div><\/div><\/div><\/div>\n    <\/div>\n<\/article><article class=\"eael-grid-post eael-post-grid-column\" data-id=\"1\">\n    <div class=\"eael-grid-post-holder\">\n        <div class=\"eael-grid-post-holder-inner\"><div class=\"eael-entry-wrapper\"><header class=\"eael-entry-header\"><h2 class=\"eael-entry-title\"><a class=\"eael-grid-post-link\" href=\"https:\/\/www.comfortek.es\/ca\/2025\/10\/19\/hello-world\/\" title=\"\"><\/a><\/h2><\/header><div class=\"eael-entry-content\">\n                                <div class=\"eael-grid-post-excerpt\"><p>5 ventajas de la dom\u00f3tica profesional para tu vivienda o...<\/p><a href=\"https:\/\/www.comfortek.es\/ca\/2025\/10\/19\/hello-world\/\" class=\"eael-post-elements-readmore-btn\">Leer m\u00e1s \u2192<\/a><\/div>\n                            <\/div><div class=\"eael-entry-header-after style-two\"><div class=\"eael-entry-meta\"><span class=\"eael-meta-posted-on\"><i class=\"far fa-clock\"><\/i><time datetime=\"19\/10\/2025\">19\/10\/2025<\/time><\/span><\/div><\/div><\/div><\/div>\n    <\/div>\n<\/article><\/div>\n            <div class=\"clearfix\"><\/div>\n        <\/div>\t\t\t\t<\/div>\n\t\t\t\t\t<\/div>\n\t\t<\/div>\n\t\t\t\t\t<\/div>\n\t\t<\/section>\n\t\t\t\t<\/div>","protected":false},"excerpt":{"rendered":"<p>Blog Comfortek Noticias, proyectos y consejos sobre dom\u00f3tica inteligente Dom\u00f3tica Integral en Restaurante La Pla\u00e7a \u2013 Lloret de Mar: Un Caso de \u00c9xito Comfortek Descubre c\u00f3mo Comfortek implement\u00f3 un sistema dom\u00f3tico integral con tecnolog\u00eda&#8230; Leer m\u00e1s \u2192 02\/04\/2026 5 ventajas de la dom\u00f3tica profesional para tu vivienda o&#8230; Leer m\u00e1s \u2192 19\/10\/2025<\/p>","protected":false},"author":1,"featured_media":0,"parent":0,"menu_order":0,"comment_status":"closed","ping_status":"closed","template":"elementor_header_footer","meta":{"footnotes":""},"class_list":["post-335","page","type-page","status-publish","hentry"],"_links":{"self":[{"href":"https:\/\/www.comfortek.es\/ca\/wp-json\/wp\/v2\/pages\/335","targetHints":{"allow":["GET"]}}],"collection":[{"href":"https:\/\/www.comfortek.es\/ca\/wp-json\/wp\/v2\/pages"}],"about":[{"href":"https:\/\/www.comfortek.es\/ca\/wp-json\/wp\/v2\/types\/page"}],"author":[{"embeddable":true,"href":"https:\/\/www.comfortek.es\/ca\/wp-json\/wp\/v2\/users\/1"}],"replies":[{"embeddable":true,"href":"https:\/\/www.comfortek.es\/ca\/wp-json\/wp\/v2\/comments?post=335"}],"version-history":[{"count":4,"href":"https:\/\/www.comfortek.es\/ca\/wp-json\/wp\/v2\/pages\/335\/revisions"}],"predecessor-version":[{"id":783,"href":"https:\/\/www.comfortek.es\/ca\/wp-json\/wp\/v2\/pages\/335\/revisions\/783"}],"wp:attachment":[{"href":"https:\/\/www.comfortek.es\/ca\/wp-json\/wp\/v2\/media?parent=335"}],"curies":[{"name":"wp","href":"https:\/\/api.w.org\/{rel}","templated":true}]}}