{"id":66,"date":"2025-10-19T19:49:14","date_gmt":"2025-10-19T19:49:14","guid":{"rendered":"https:\/\/www.comfortek.es\/homely-about-us\/"},"modified":"2025-12-03T15:10:58","modified_gmt":"2025-12-03T15:10:58","slug":"homely-about-us","status":"publish","type":"page","link":"https:\/\/www.comfortek.es\/ca\/homely-about-us\/","title":{"rendered":"Sobre nosotros"},"content":{"rendered":"<div data-elementor-type=\"wp-page\" data-elementor-id=\"66\" class=\"elementor elementor-66\">\n\t\t\t\t\t\t<section class=\"elementor-section elementor-top-section elementor-element elementor-element-5513ce1 elementor-section-stretched elementor-section-full_width elementor-section-height-min-height elementor-section-height-default elementor-section-items-middle\" data-id=\"5513ce1\" data-element_type=\"section\" data-settings=\"{&quot;stretch_section&quot;:&quot;section-stretched&quot;,&quot;background_background&quot;:&quot;classic&quot;}\">\n\t\t\t\t\t\t\t<div class=\"elementor-background-overlay\"><\/div>\n\t\t\t\t\t\t\t<div class=\"elementor-container elementor-column-gap-narrow\">\n\t\t\t\t\t<div class=\"elementor-column elementor-col-100 elementor-top-column elementor-element elementor-element-1229e53\" data-id=\"1229e53\" data-element_type=\"column\">\n\t\t\t<div class=\"elementor-widget-wrap elementor-element-populated\">\n\t\t\t\t\t\t<div class=\"elementor-element elementor-element-10fbb23 elementor-widget elementor-widget-spacer\" data-id=\"10fbb23\" data-element_type=\"widget\" data-widget_type=\"spacer.default\">\n\t\t\t\t\t\t\t<div class=\"elementor-spacer\">\n\t\t\t<div class=\"elementor-spacer-inner\"><\/div>\n\t\t<\/div>\n\t\t\t\t\t\t<\/div>\n\t\t\t\t<div class=\"elementor-element elementor-element-78404a7 elementor-widget__width-initial elementor-widget-tablet__width-initial elementor-invisible elementor-widget elementor-widget-heading\" data-id=\"78404a7\" data-element_type=\"widget\" data-settings=\"{&quot;_animation&quot;:&quot;slideInUp&quot;,&quot;_animation_delay&quot;:1000}\" data-widget_type=\"heading.default\">\n\t\t\t\t\t<h2 class=\"elementor-heading-title elementor-size-default\">Estimem el que fem<\/h2>\t\t\t\t<\/div>\n\t\t\t\t<div class=\"elementor-element elementor-element-fe0a872 elementor-widget__width-initial elementor-widget-tablet__width-initial elementor-widget-mobile__width-inherit elementor-invisible elementor-widget elementor-widget-text-editor\" data-id=\"fe0a872\" data-element_type=\"widget\" data-settings=\"{&quot;_animation&quot;:&quot;fadeInUp&quot;,&quot;_animation_delay&quot;:1500}\" data-widget_type=\"text-editor.default\">\n\t\t\t\t\t\t\t\t\t<p>Passi\u00f3 per la tecnologia i el confort. Fem que casa teva treballi per tu.<\/p>\t\t\t\t\t\t\t\t<\/div>\n\t\t\t\t\t<\/div>\n\t\t<\/div>\n\t\t\t\t\t<\/div>\n\t\t<\/section>\n\t\t\t\t<section class=\"elementor-section elementor-top-section elementor-element elementor-element-1b14ded elementor-section-stretched elementor-section-full_width elementor-section-height-default elementor-section-height-default\" data-id=\"1b14ded\" data-element_type=\"section\" data-settings=\"{&quot;stretch_section&quot;:&quot;section-stretched&quot;,&quot;background_background&quot;:&quot;classic&quot;}\">\n\t\t\t\t\t\t<div class=\"elementor-container elementor-column-gap-default\">\n\t\t\t\t\t<div class=\"elementor-column elementor-col-100 elementor-top-column elementor-element elementor-element-4ef76fb\" data-id=\"4ef76fb\" data-element_type=\"column\">\n\t\t\t<div class=\"elementor-widget-wrap elementor-element-populated\">\n\t\t\t\t\t\t<section class=\"elementor-section elementor-inner-section elementor-element elementor-element-04eecca elementor-section-content-middle elementor-reverse-mobile elementor-section-boxed elementor-section-height-default elementor-section-height-default\" data-id=\"04eecca\" data-element_type=\"section\">\n\t\t\t\t\t\t<div class=\"elementor-container elementor-column-gap-wide\">\n\t\t\t\t\t<div class=\"elementor-column elementor-col-50 elementor-inner-column elementor-element elementor-element-e6ae675\" data-id=\"e6ae675\" data-element_type=\"column\">\n\t\t\t<div class=\"elementor-widget-wrap elementor-element-populated\">\n\t\t\t\t\t\t<div class=\"elementor-element elementor-element-80eb58c elementor-invisible elementor-widget elementor-widget-heading\" data-id=\"80eb58c\" data-element_type=\"widget\" data-settings=\"{&quot;_animation&quot;:&quot;fadeInLeft&quot;}\" data-widget_type=\"heading.default\">\n\t\t\t\t\t<h2 class=\"elementor-heading-title elementor-size-default\">SOBRE NOSALTRES<\/h2>\t\t\t\t<\/div>\n\t\t\t\t<div class=\"elementor-element elementor-element-c6f7234 elementor-invisible elementor-widget elementor-widget-heading\" data-id=\"c6f7234\" data-element_type=\"widget\" data-settings=\"{&quot;_animation&quot;:&quot;fadeInLeft&quot;,&quot;_animation_delay&quot;:1000}\" data-widget_type=\"heading.default\">\n\t\t\t\t\t<h2 class=\"elementor-heading-title elementor-size-default\">Estimem el que fem: tecnologia que millora el teu dia a dia.<\/h2>\t\t\t\t<\/div>\n\t\t\t\t<div class=\"elementor-element elementor-element-a780ffc elementor-widget-divider--view-line elementor-widget elementor-widget-divider\" data-id=\"a780ffc\" data-element_type=\"widget\" data-widget_type=\"divider.default\">\n\t\t\t\t\t\t\t<div class=\"elementor-divider\">\n\t\t\t<span class=\"elementor-divider-separator\">\n\t\t\t\t\t\t<\/span>\n\t\t<\/div>\n\t\t\t\t\t\t<\/div>\n\t\t\t\t<div class=\"elementor-element elementor-element-cfb8ff5 elementor-invisible elementor-widget elementor-widget-text-editor\" data-id=\"cfb8ff5\" data-element_type=\"widget\" data-settings=\"{&quot;_animation&quot;:&quot;fadeInRight&quot;,&quot;_animation_delay&quot;:1500}\" data-widget_type=\"text-editor.default\">\n\t\t\t\t\t\t\t\t\t<p data-start=\"159\" data-end=\"449\">A Comfortek convertim llars i negocis en espais intel\u00b7ligents, c\u00f2modes i eficients.<br data-start=\"250\" data-end=\"253\" \/>Instalamos y programamos sistemas de dom\u00f3tica profesional (KNX, Loxone y sistemas inalambricos) para que controles la iluminaci\u00f3n, la climatizaci\u00f3n y la seguridad desde tu m\u00f3vil o voz.<\/p><p data-start=\"451\" data-end=\"620\">Creiem en una tecnologia que s\u2019adapta a tu, no a l\u2019inrev\u00e9s. La nostra missi\u00f3 \u00e9s oferir solucions senzilles, fiables i amb un disseny cuidat que facin la teva vida m\u00e9s f\u00e0cil.<\/p>\t\t\t\t\t\t\t\t<\/div>\n\t\t\t\t<div class=\"elementor-element elementor-element-f58ef33 elementor-align-center elementor-invisible elementor-widget elementor-widget-button\" data-id=\"f58ef33\" data-element_type=\"widget\" data-settings=\"{&quot;_animation&quot;:&quot;fadeInRight&quot;,&quot;_animation_delay&quot;:2000}\" data-widget_type=\"button.default\">\n\t\t\t\t\t\t\t\t\t\t<a class=\"elementor-button elementor-button-link elementor-size-md\" href=\"https:\/\/www.comfortek.es\/ca\/homely-contact-us\/\">\n\t\t\t\t\t\t<span class=\"elementor-button-content-wrapper\">\n\t\t\t\t\t\t\t\t\t<span class=\"elementor-button-text\">Pide presupuesto<\/span>\n\t\t\t\t\t<\/span>\n\t\t\t\t\t<\/a>\n\t\t\t\t\t\t\t\t<\/div>\n\t\t\t\t\t<\/div>\n\t\t<\/div>\n\t\t\t\t<div class=\"elementor-column elementor-col-50 elementor-inner-column elementor-element elementor-element-d92fcbc\" data-id=\"d92fcbc\" data-element_type=\"column\">\n\t\t\t<div class=\"elementor-widget-wrap elementor-element-populated\">\n\t\t\t\t\t\t<div class=\"elementor-element elementor-element-2b192c0 elementor-widget elementor-widget-video\" data-id=\"2b192c0\" data-element_type=\"widget\" data-settings=\"{&quot;youtube_url&quot;:&quot;https:\\\/\\\/www.youtube.com\\\/watch?v=nGsiEhnXGH0&quot;,&quot;show_image_overlay&quot;:&quot;yes&quot;,&quot;image_overlay&quot;:{&quot;url&quot;:&quot;https:\\\/\\\/www.comfortek.es\\\/wp-content\\\/uploads\\\/2025\\\/10\\\/Loxone-Miniserver.webp&quot;,&quot;id&quot;:200,&quot;size&quot;:&quot;&quot;,&quot;alt&quot;:&quot;&quot;,&quot;source&quot;:&quot;library&quot;},&quot;lightbox&quot;:&quot;yes&quot;,&quot;video_type&quot;:&quot;youtube&quot;,&quot;controls&quot;:&quot;yes&quot;}\" data-widget_type=\"video.default\">\n\t\t\t\t\t\t\t<div class=\"elementor-wrapper elementor-open-lightbox\">\n\t\t\t\t\t\t\t<div class=\"elementor-custom-embed-image-overlay\" data-elementor-open-lightbox=\"yes\" data-elementor-lightbox=\"{&quot;type&quot;:&quot;video&quot;,&quot;videoType&quot;:&quot;youtube&quot;,&quot;url&quot;:&quot;https:\\\/\\\/www.youtube.com\\\/embed\\\/nGsiEhnXGH0?feature=oembed&amp;start&amp;end&amp;wmode=opaque&amp;loop=0&amp;controls=1&amp;mute=0&amp;rel=0&amp;cc_load_policy=0&quot;,&quot;autoplay&quot;:&quot;&quot;,&quot;modalOptions&quot;:{&quot;id&quot;:&quot;elementor-lightbox-2b192c0&quot;,&quot;entranceAnimation&quot;:&quot;&quot;,&quot;entranceAnimation_tablet&quot;:&quot;&quot;,&quot;entranceAnimation_mobile&quot;:&quot;&quot;,&quot;videoAspectRatio&quot;:&quot;169&quot;}}\" data-e-action-hash=\"#elementor-action%3Aaction%3Dlightbox%26settings%3DeyJ0eXBlIjoidmlkZW8iLCJ2aWRlb1R5cGUiOiJ5b3V0dWJlIiwidXJsIjoiaHR0cHM6XC9cL3d3dy55b3V0dWJlLmNvbVwvZW1iZWRcL25Hc2lFaG5YR0gwP2ZlYXR1cmU9b2VtYmVkJnN0YXJ0JmVuZCZ3bW9kZT1vcGFxdWUmbG9vcD0wJmNvbnRyb2xzPTEmbXV0ZT0wJnJlbD0wJmNjX2xvYWRfcG9saWN5PTAiLCJhdXRvcGxheSI6IiIsIm1vZGFsT3B0aW9ucyI6eyJpZCI6ImVsZW1lbnRvci1saWdodGJveC0yYjE5MmMwIiwiZW50cmFuY2VBbmltYXRpb24iOiIiLCJlbnRyYW5jZUFuaW1hdGlvbl90YWJsZXQiOiIiLCJlbnRyYW5jZUFuaW1hdGlvbl9tb2JpbGUiOiIiLCJ2aWRlb0FzcGVjdFJhdGlvIjoiMTY5In19\">\n\t\t\t\t\t\t\t\t\t\t\t<img fetchpriority=\"high\" decoding=\"async\" width=\"1024\" height=\"683\" src=\"https:\/\/www.comfortek.es\/wp-content\/uploads\/2025\/10\/Loxone-Miniserver.webp\" class=\"attachment-full size-full wp-image-200\" alt=\"\" srcset=\"https:\/\/www.comfortek.es\/wp-content\/uploads\/2025\/10\/Loxone-Miniserver.webp 1024w, https:\/\/www.comfortek.es\/wp-content\/uploads\/2025\/10\/Loxone-Miniserver-300x200.webp 300w, https:\/\/www.comfortek.es\/wp-content\/uploads\/2025\/10\/Loxone-Miniserver-768x512.webp 768w\" sizes=\"(max-width: 1024px) 100vw, 1024px\" \/>\t\t\t\t\t\t\t\t\t\t\t\t\t\t\t\t<div class=\"elementor-custom-embed-play\" role=\"button\" aria-label=\"Reprodueix v\u00eddeo\" tabindex=\"0\" data-no-translation-aria-label=\"\">\n\t\t\t\t\t\t\t<svg aria-hidden=\"true\" class=\"e-font-icon-svg e-eicon-play\" viewbox=\"0 0 1000 1000\" xmlns=\"http:\/\/www.w3.org\/2000\/svg\"><path d=\"M838 162C746 71 633 25 500 25 371 25 258 71 163 162 71 254 25 367 25 500 25 633 71 746 163 837 254 929 367 979 500 979 633 979 746 933 838 837 929 746 975 633 975 500 975 367 929 254 838 162M808 192C892 279 933 379 933 500 933 621 892 725 808 808 725 892 621 938 500 938 379 938 279 896 196 808 113 725 67 621 67 500 67 379 108 279 196 192 279 108 383 62 500 62 621 62 721 108 808 192M438 392V642L642 517 438 392Z\"><\/path><\/svg>\t\t\t\t\t\t<\/div>\n\t\t\t\t\t\t\t\t\t<\/div>\n\t\t\t\t\t<\/div>\n\t\t\t\t\t\t<\/div>\n\t\t\t\t\t<\/div>\n\t\t<\/div>\n\t\t\t\t\t<\/div>\n\t\t<\/section>\n\t\t\t\t\t<\/div>\n\t\t<\/div>\n\t\t\t\t\t<\/div>\n\t\t<\/section>\n\t\t<div class=\"elementor-element elementor-element-aa742a8 e-flex e-con-boxed e-con e-parent\" data-id=\"aa742a8\" data-element_type=\"container\" data-settings=\"{&quot;background_background&quot;:&quot;classic&quot;}\">\n\t\t\t\t\t<div class=\"e-con-inner\">\n\t\t<div class=\"elementor-element elementor-element-9f44a85 e-con-full e-flex e-con e-child\" data-id=\"9f44a85\" data-element_type=\"container\">\n\t\t<div class=\"elementor-element elementor-element-1c05626 e-con-full e-flex e-con e-child\" data-id=\"1c05626\" data-element_type=\"container\">\n\t\t<div class=\"elementor-element elementor-element-5bd57ec e-con-full e-flex e-con e-child\" data-id=\"5bd57ec\" data-element_type=\"container\">\n\t\t\t\t<div class=\"elementor-element elementor-element-76cf24f elementor-widget elementor-widget-image\" data-id=\"76cf24f\" data-element_type=\"widget\" data-widget_type=\"image.default\">\n\t\t\t\t\t\t\t\t\t\t\t\t\t\t\t<img decoding=\"async\" width=\"800\" height=\"359\" src=\"https:\/\/www.comfortek.es\/wp-content\/uploads\/2025\/10\/Logo-Loxone-green-Web-1024x460.png\" class=\"attachment-large size-large wp-image-210\" alt=\"\" srcset=\"https:\/\/www.comfortek.es\/wp-content\/uploads\/2025\/10\/Logo-Loxone-green-Web-1024x460.png 1024w, https:\/\/www.comfortek.es\/wp-content\/uploads\/2025\/10\/Logo-Loxone-green-Web-300x135.png 300w, https:\/\/www.comfortek.es\/wp-content\/uploads\/2025\/10\/Logo-Loxone-green-Web-768x345.png 768w, https:\/\/www.comfortek.es\/wp-content\/uploads\/2025\/10\/Logo-Loxone-green-Web.png 1200w\" sizes=\"(max-width: 800px) 100vw, 800px\" \/>\t\t\t\t\t\t\t\t\t\t\t\t\t\t\t<\/div>\n\t\t\t\t<\/div>\n\t\t\t\t<\/div>\n\t\t<div class=\"elementor-element elementor-element-8488440 e-con-full e-flex e-con e-child\" data-id=\"8488440\" data-element_type=\"container\">\n\t\t<div class=\"elementor-element elementor-element-f6ec3d3 e-con-full e-flex e-con e-child\" data-id=\"f6ec3d3\" data-element_type=\"container\">\n\t\t\t\t<div class=\"elementor-element elementor-element-35d0265 elementor-widget elementor-widget-heading\" data-id=\"35d0265\" data-element_type=\"widget\" data-widget_type=\"heading.default\">\n\t\t\t\t\t<h2 class=\"elementor-heading-title elementor-size-default\">Loxone<\/h2>\t\t\t\t<\/div>\n\t\t\t\t<div class=\"elementor-element elementor-element-5b9bb33 elementor-widget elementor-widget-text-editor\" data-id=\"5b9bb33\" data-element_type=\"widget\" data-widget_type=\"text-editor.default\">\n\t\t\t\t\t\t\t\t\t<p><strong data-start=\"115\" data-end=\"150\">Partners certificados en Loxone<\/strong>Partners certificats en Loxone, especialistes en automatitzaci\u00f3 integral de llars i negocis. Control total de la il\u00b7luminaci\u00f3, el clima, els accessos i l\u2019energia amb una experi\u00e8ncia intu\u00eftiva i professional.<\/p>\t\t\t\t\t\t\t\t<\/div>\n\t\t\t\t<\/div>\n\t\t\t\t<\/div>\n\t\t\t\t<\/div>\n\t\t<div class=\"elementor-element elementor-element-1bdca91 e-con-full e-flex e-con e-child\" data-id=\"1bdca91\" data-element_type=\"container\">\n\t\t<div class=\"elementor-element elementor-element-dec4fef e-con-full e-flex e-con e-child\" data-id=\"dec4fef\" data-element_type=\"container\">\n\t\t<div class=\"elementor-element elementor-element-b3922aa e-con-full e-flex e-con e-child\" data-id=\"b3922aa\" data-element_type=\"container\">\n\t\t<div class=\"elementor-element elementor-element-444f37b e-con-full e-flex e-con e-child\" data-id=\"444f37b\" data-element_type=\"container\">\n\t\t\t\t<div class=\"elementor-element elementor-element-27b25f6 elementor-widget elementor-widget-heading\" data-id=\"27b25f6\" data-element_type=\"widget\" data-widget_type=\"heading.default\">\n\t\t\t\t\t<h2 class=\"elementor-heading-title elementor-size-default\">Knx<\/h2>\t\t\t\t<\/div>\n\t\t\t\t<\/div>\n\t\t<div class=\"elementor-element elementor-element-1821b7f e-con-full e-flex e-con e-child\" data-id=\"1821b7f\" data-element_type=\"container\">\n\t\t\t\t<div class=\"elementor-element elementor-element-f7ee314 elementor-widget elementor-widget-text-editor\" data-id=\"f7ee314\" data-element_type=\"widget\" data-widget_type=\"text-editor.default\">\n\t\t\t\t\t\t\t\t\t<p>Certificats en <strong data-start=\"240\" data-end=\"256\">KNX Advanced<\/strong>, l\u2019est\u00e0ndard internacional en dom\u00f2tica cablejada. Fiabilitat total i compatibilitat amb centenars de fabricants per a projectes residencials i comercials d\u2019alt nivell.<\/p>\t\t\t\t\t\t\t\t<\/div>\n\t\t\t\t<\/div>\n\t\t\t\t<\/div>\n\t\t<div class=\"elementor-element elementor-element-ba6d84b e-con-full e-flex e-con e-child\" data-id=\"ba6d84b\" data-element_type=\"container\">\n\t\t\t\t<div class=\"elementor-element elementor-element-d56ae34 elementor-widget elementor-widget-image\" data-id=\"d56ae34\" data-element_type=\"widget\" data-widget_type=\"image.default\">\n\t\t\t\t\t\t\t\t\t\t\t\t\t\t\t<img decoding=\"async\" width=\"277\" height=\"182\" src=\"https:\/\/www.comfortek.es\/wp-content\/uploads\/2025\/10\/knx-advance.png\" class=\"attachment-large size-large wp-image-208\" alt=\"\" \/>\t\t\t\t\t\t\t\t\t\t\t\t\t\t\t<\/div>\n\t\t\t\t<\/div>\n\t\t\t\t<\/div>\n\t\t<div class=\"elementor-element elementor-element-3d122cf e-con-full e-flex e-con e-child\" data-id=\"3d122cf\" data-element_type=\"container\">\n\t\t<div class=\"elementor-element elementor-element-6cc4e69 e-con-full e-flex e-con e-child\" data-id=\"6cc4e69\" data-element_type=\"container\">\n\t\t\t\t<div class=\"elementor-element elementor-element-32b6045 elementor-widget elementor-widget-heading\" data-id=\"32b6045\" data-element_type=\"widget\" data-widget_type=\"heading.default\">\n\t\t\t\t\t<h2 class=\"elementor-heading-title elementor-size-default\">Sistemes sense fils<\/h2>\t\t\t\t<\/div>\n\t\t\t\t<\/div>\n\t\t<div class=\"elementor-element elementor-element-8f9e91c e-con-full e-flex e-con e-child\" data-id=\"8f9e91c\" data-element_type=\"container\">\n\t\t<div class=\"elementor-element elementor-element-fe1b8a5 e-con-full e-flex e-con e-child\" data-id=\"fe1b8a5\" data-element_type=\"container\">\n\t\t\t\t<div class=\"elementor-element elementor-element-7adcd39 elementor-widget elementor-widget-text-editor\" data-id=\"7adcd39\" data-element_type=\"widget\" data-widget_type=\"text-editor.default\">\n\t\t\t\t\t\t\t\t\t<p>Experts en integracions sense fils amb tecnologies Z-Wave, Zigbee i LoRaWAN, sistemes segurs i estables ideals per a habitatges, locals i entorns industrials sense cablejat.\nPermeten automatitzar la il\u00b7luminaci\u00f3, els sensors, la climatitzaci\u00f3 i els accessos amb total fiabilitat. Certificats en diferents marques i plataformes de control dom\u00f2tic.<\/p>\t\t\t\t\t\t\t\t<\/div>\n\t\t\t\t<\/div>\n\t\t\t\t<div class=\"elementor-element elementor-element-8362254 elementor-widget elementor-widget-image\" data-id=\"8362254\" data-element_type=\"widget\" data-widget_type=\"image.default\">\n\t\t\t\t\t\t\t\t\t\t\t\t<figure class=\"wp-caption\">\n\t\t\t\t\t\t\t\t\t\t<img decoding=\"async\" src=\"https:\/\/www.comfortek.es\/wp-content\/uploads\/elementor\/thumbs\/ChatGPT-Image-2-nov-2025-11_03_20-re3xn5pxkzsc279d59ex209z6wp2140n8piq9f0i48.png\" title=\"ChatGPT Image 2 nov 2025, 11_03_20\" alt=\"ChatGPT Image 2 nov 2025, 11_03_20\" loading=\"lazy\" \/>\t\t\t\t\t\t\t\t\t\t\t<figcaption class=\"widget-image-caption wp-caption-text\"><\/figcaption>\n\t\t\t\t\t\t\t\t\t\t<\/figure>\n\t\t\t\t\t\t\t\t\t<\/div>\n\t\t\t\t<\/div>\n\t\t\t\t<\/div>\n\t\t\t\t<\/div>\n\t\t\t\t\t<\/div>\n\t\t\t\t<\/div>\n\t\t\t\t<\/div>","protected":false},"excerpt":{"rendered":"<p>Amamos lo que hacemos Pasi\u00f3n por la tecnolog\u00eda y el confort. Hacemos que tu casa trabaje por ti. SOBRE NOSOTROS Amamos lo que hacemos: tecnolog\u00eda que mejora tu d\u00eda a d\u00eda En Comfortek convertimos hogares y negocios en espacios inteligentes, c\u00f3modos y eficientes.Instalamos y programamos sistemas de dom\u00f3tica profesional (KNX, Loxone y sistemas inalambricos) para [&hellip;]<\/p>","protected":false},"author":1,"featured_media":0,"parent":0,"menu_order":0,"comment_status":"closed","ping_status":"closed","template":"elementor_header_footer","meta":{"footnotes":""},"class_list":["post-66","page","type-page","status-publish","hentry"],"_links":{"self":[{"href":"https:\/\/www.comfortek.es\/ca\/wp-json\/wp\/v2\/pages\/66","targetHints":{"allow":["GET"]}}],"collection":[{"href":"https:\/\/www.comfortek.es\/ca\/wp-json\/wp\/v2\/pages"}],"about":[{"href":"https:\/\/www.comfortek.es\/ca\/wp-json\/wp\/v2\/types\/page"}],"author":[{"embeddable":true,"href":"https:\/\/www.comfortek.es\/ca\/wp-json\/wp\/v2\/users\/1"}],"replies":[{"embeddable":true,"href":"https:\/\/www.comfortek.es\/ca\/wp-json\/wp\/v2\/comments?post=66"}],"version-history":[{"count":54,"href":"https:\/\/www.comfortek.es\/ca\/wp-json\/wp\/v2\/pages\/66\/revisions"}],"predecessor-version":[{"id":671,"href":"https:\/\/www.comfortek.es\/ca\/wp-json\/wp\/v2\/pages\/66\/revisions\/671"}],"wp:attachment":[{"href":"https:\/\/www.comfortek.es\/ca\/wp-json\/wp\/v2\/media?parent=66"}],"curies":[{"name":"wp","href":"https:\/\/api.w.org\/{rel}","templated":true}]}}